{"id":2021,"date":"2023-09-29T10:48:00","date_gmt":"2023-09-29T10:48:00","guid":{"rendered":"https:\/\/www.spartantrail.com\/?page_id=2021"},"modified":"2023-09-29T10:50:41","modified_gmt":"2023-09-29T10:50:41","slug":"subscribete-a-nuestro-newsletter-y-participa-del-sorteo","status":"publish","type":"page","link":"https:\/\/www.spartantrail.com\/hr\/subscribete-a-nuestro-newsletter-y-participa-del-sorteo\/","title":{"rendered":"Subscribete a nuestro newsletter y participa del sorteo!"},"content":{"rendered":"<h1>SUBSCRIBETE AL NEWSLETTER Y PARTICIPA DEL SORTEO!<\/h1>\n<div>\n<p>Participa del sorteo de uno de los cinco pares de inscripciones para los eventos de Spartan Trail en 2024. La lista de eventos se presentar\u00e1 a finales de a\u00f1o, y si eres uno de los 5 ganadores, podr\u00e1s optar por una inscripci\u00f3n para t\u00ed y otra persona a cualquiera de ellos, en las distancias que a\u00fan tengan cupos disponibles.<\/p>\n<p><strong><em style=\"font-size: 12px; color: #000000;\">Los requisitos especiales de cada evento\/distancia deber\u00e1n ser cumplidos de igual manera aunque sea beneficiado en el sorteo (puntaje, curriculum deportivo, etc.)<\/em><\/strong><\/p>\n<\/div>\n<div>\n<p>    <iframe loading=\"lazy\" width=\"100%\" height=\"1000\" src=\"https:\/\/28168829.sibforms.com\/serve\/MUIFADyDCSPqwdx6QNBQO0-2BkRKARuh9wIu1_7sLOwyyVVAdPwAQPrjUhuirHyTVKv5FEzJSjEOJ-YBJZpBZ3yZkW1ij-k5TiLc-OnI1eMTC0H4Ym_xwnSg0w65iKk-_92FP_TGlKllfyhK4WE3EqOWFfVWvFVOeCJdF7Sd660W2lh79nE7i-Rq5ISQKb5dfGtBKynaiE0vxPiO\" frameborder=\"0\" scrolling=\"auto\" allowfullscreen style=\"display: block;margin-left: auto;margin-right: auto;max-width: 100%;\"><\/iframe>\n<\/div>\n<h3>Follow Us<\/h3>\n<ul>\n<li><a href=\"https:\/\/sprtn.ar\/fb\">social<\/a>\n<\/li>\n<li><a href=\"https:\/\/sprtn.ar\/yt\">social<\/a>\n<\/li>\n<li><a href=\"https:\/\/sprtn.ar\/tw\">social<\/a>\n<\/li>\n<li><a href=\"https:\/\/sprtn.ar\/ig\">social<\/a>\n<\/li>\n<\/ul>\n<p><img decoding=\"async\" src=\"\/wp-content\/uploads\/2022\/01\/spartan_trail_logo_v1_WT.png\" alt=\"\"><\/p>\n<p><!--more--><br \/>\n<!-- {\"name\":\"[PAGE] Terms and Conditions Basic Layout\",\"type\":\"layout\",\"children\":[{\"type\":\"section\",\"props\":{\"style\":\"primary\",\"width\":\"default\",\"vertical_align\":\"middle\",\"title_position\":\"top-left\",\"title_rotation\":\"left\",\"title_breakpoint\":\"xl\",\"image_position\":\"center-center\",\"padding\":\"small\"},\"children\":[{\"type\":\"row\",\"children\":[{\"type\":\"column\",\"props\":{\"position_sticky_breakpoint\":\"m\",\"image_position\":\"center-center\",\"media_overlay_gradient\":\"\"},\"children\":[{\"name\":\"\",\"type\":\"headline\",\"props\":{\"title_element\":\"h1\",\"title_style\":\"h3\",\"content\":\"SUBSCRIBETE AL NEWSLETTER Y PARTICIPA DEL SORTEO!\",\"margin_remove_top\":false,\"title_font_family\":\"primary\",\"css\":\".el-element {\\n    color: #ffffff;\\n}\"}}]}]}]},{\"name\":\"FAQ\",\"type\":\"section\",\"props\":{\"width\":\"default\",\"padding\":\"xsmall\",\"style\":\"default\",\"media\":\"images\\\/demo\\\/demo-image_01.jpg\",\"height_viewport\":false,\"media_advanced\":true,\"media_size\":\"cover\",\"media_background\":\"#fff\",\"media_overlay\":\"rgba(0,0,0,0)\",\"image_size\":\"cover\",\"image_position\":\"center-center\",\"vertical_align\":\"middle\",\"title_position\":\"top-left\",\"title_rotation\":\"left\",\"title_breakpoint\":\"xl\",\"padding_remove_bottom\":false,\"css\":\".el-section {\\n    background-color: #ffffff;\\n}\"},\"children\":[{\"name\":\"\",\"type\":\"row\",\"children\":[{\"name\":\"\",\"type\":\"column\",\"props\":{\"image_position\":\"center-center\",\"media_overlay_gradient\":\"\",\"width_medium\":\"1-1\",\"position_sticky_breakpoint\":\"m\"},\"children\":[{\"name\":\"\",\"type\":\"text\",\"props\":{\"column_breakpoint\":\"m\",\"text_align\":\"left\",\"margin\":\"remove-vertical\",\"content\":\"\n\n<p>Participa del sorteo de uno de los cinco pares de inscripciones para los eventos de Spartan Trail en 2024. La lista de eventos se presentar\\u00e1 a finales de a\\u00f1o, y si eres uno de los 5 ganadores, podr\\u00e1s optar por una inscripci\\u00f3n para t\\u00ed y otra persona a cualquiera de ellos, en las distancias que a\\u00fan tengan cupos disponibles.<\\\/p>\\n\n\n<p><strong><em style=\\\"font-size: 12px; color: #000000;\\\">Los requisitos especiales de cada evento\\\/distancia deber\\u00e1n ser cumplidos de igual manera aunque sea beneficiado en el sorteo (puntaje, curriculum deportivo, etc.)<\\\/em><\\\/strong><\\\/p>\",\"block_align\":\"center\",\"margin_remove_top\":true,\"css\":\".el-element {\\n    color: #000000;\\n}\"}}]}]}]},{\"type\":\"section\",\"props\":{\"style\":\"default\",\"width\":\"default\",\"vertical_align\":\"middle\",\"title_position\":\"top-left\",\"title_rotation\":\"left\",\"title_breakpoint\":\"xl\",\"image_position\":\"center-center\"},\"children\":[{\"type\":\"row\",\"children\":[{\"type\":\"column\",\"props\":{\"position_sticky_breakpoint\":\"m\",\"image_position\":\"center-center\",\"media_overlay_gradient\":\"\"},\"children\":[{\"type\":\"html\",\"props\":{\"content\":\"<iframe width=\\\"100%\\\" height=\\\"1000\\\" src=\\\"https:\\\/\\\/28168829.sibforms.com\\\/serve\\\/MUIFADyDCSPqwdx6QNBQO0-2BkRKARuh9wIu1_7sLOwyyVVAdPwAQPrjUhuirHyTVKv5FEzJSjEOJ-YBJZpBZ3yZkW1ij-k5TiLc-OnI1eMTC0H4Ym_xwnSg0w65iKk-_92FP_TGlKllfyhK4WE3EqOWFfVWvFVOeCJdF7Sd660W2lh79nE7i-Rq5ISQKb5dfGtBKynaiE0vxPiO\\\" frameborder=\\\"0\\\" scrolling=\\\"auto\\\" allowfullscreen style=\\\"display: block;margin-left: auto;margin-right: auto;max-width: 100%;\\\"><\\\/iframe>\"}}]}]}]},{\"name\":\"Footer Section (Link ST \\\/ No bottom Footer)\",\"type\":\"section\",\"props\":{\"width\":\"large\",\"style\":\"default\",\"animation\":\"slide-left-small\",\"image_size\":\"cover\",\"class\":\"\",\"overlap\":false,\"padding_remove_bottom\":false,\"padding_remove_top\":false,\"vertical_align\":\"middle\",\"title_position\":\"top-left\",\"title_rotation\":\"left\",\"title_breakpoint\":\"xl\",\"image_position\":\"center-center\"},\"children\":[{\"type\":\"row\",\"props\":{\"layout\":\"1-3,1-3,1-3\",\"column_gap\":\"large\",\"row_gap\":\"large\",\"margin\":\"xlarge\",\"margin_remove_bottom\":true,\"match\":false},\"children\":[{\"type\":\"column\",\"props\":{\"image_position\":\"center-center\",\"media_overlay_gradient\":\"\",\"width_medium\":\"1-3\",\"position_sticky_breakpoint\":\"m\"},\"children\":[{\"type\":\"headline\",\"props\":{\"title_element\":\"h3\",\"title_style\":\"h4\",\"text_align\":\"left\",\"text_align_breakpoint\":\"s\",\"text_align_fallback\":\"center\",\"maxwidth_breakpoint\":\"m\",\"content\":\"Follow Us\"}},{\"type\":\"social\",\"props\":{\"link_style\":\"button\",\"margin\":\"default\",\"text_align\":\"left\",\"text_align_breakpoint\":\"s\",\"text_align_fallback\":\"center\",\"class\":\"\",\"gap\":\"\",\"grid\":\"horizontal\",\"grid_gap\":\"small\"},\"children\":[{\"type\":\"social_item\",\"props\":{\"link\":\"https:\\\/\\\/sprtn.ar\\\/fb\",\"icon\":\"facebook\"}},{\"type\":\"social_item\",\"props\":{\"link\":\"https:\\\/\\\/sprtn.ar\\\/yt\",\"icon\":\"youtube\"}},{\"type\":\"social_item\",\"props\":{\"link\":\"https:\\\/\\\/sprtn.ar\\\/tw\",\"icon\":\"twitter\"}},{\"type\":\"social_item\",\"props\":{\"link\":\"https:\\\/\\\/sprtn.ar\\\/ig\",\"icon\":\"instagram\"}}]}]},{\"type\":\"column\",\"props\":{\"image_position\":\"center-center\",\"media_overlay_gradient\":\"\",\"width_medium\":\"1-3\",\"position_sticky_breakpoint\":\"m\"},\"children\":[]},{\"type\":\"column\",\"props\":{\"image_position\":\"center-center\",\"media_overlay_gradient\":\"\",\"width_medium\":\"1-3\",\"position_sticky_breakpoint\":\"m\"},\"children\":[{\"type\":\"image\",\"props\":{\"margin\":\"default\",\"image_svg_color\":\"emphasis\",\"image\":\"wp-content\\\/uploads\\\/2022\\\/01\\\/spartan_trail_logo_v1_WT.png\",\"image_height\":\"80\",\"text_align\":\"center\"}}]}]}],\"modified\":\"2022-01-21T13:56:04.694Z\"}],\"version\":\"2.7.26\"} --><\/p>\n","protected":false},"excerpt":{"rendered":"<p>SUBSCRIBETE AL NEWSLETTER Y PARTICIPA DEL SORTEO! Participa del sorteo de uno de los cinco pares de inscripciones para los eventos de Spartan Trail en 2024. La lista de eventos se presentar\u00e1 a finales de a\u00f1o, y si eres uno de los 5 ganadores, podr\u00e1s optar por una inscripci\u00f3n para t\u00ed y otra persona a [&hellip;]<\/p>\n","protected":false},"author":2,"featured_media":0,"parent":0,"menu_order":0,"comment_status":"closed","ping_status":"closed","template":"","meta":{"_acf_changed":false,"footnotes":""},"class_list":["post-2021","page","type-page","status-publish","hentry"],"acf":[],"yoast_head":"<!-- This site is optimized with the Yoast SEO plugin v27.1.1 - https:\/\/yoast.com\/product\/yoast-seo-wordpress\/ -->\n<title>Subscribete a nuestro newsletter y participa del sorteo! - Spartan Trail<\/title>\n<meta name=\"robots\" content=\"index, follow, max-snippet:-1, max-image-preview:large, max-video-preview:-1\" \/>\n<link rel=\"canonical\" href=\"https:\/\/www.spartantrail.com\/hr\/subscribete-a-nuestro-newsletter-y-participa-del-sorteo\/\" \/>\n<meta property=\"og:locale\" content=\"hr_HR\" \/>\n<meta property=\"og:type\" content=\"article\" \/>\n<meta property=\"og:title\" content=\"Subscribete a nuestro newsletter y participa del sorteo! - Spartan Trail\" \/>\n<meta property=\"og:description\" content=\"SUBSCRIBETE AL NEWSLETTER Y PARTICIPA DEL SORTEO! Participa del sorteo de uno de los cinco pares de inscripciones para los eventos de Spartan Trail en 2024. La lista de eventos se presentar\u00e1 a finales de a\u00f1o, y si eres uno de los 5 ganadores, podr\u00e1s optar por una inscripci\u00f3n para t\u00ed y otra persona a [&hellip;]\" \/>\n<meta property=\"og:url\" content=\"https:\/\/www.spartantrail.com\/hr\/subscribete-a-nuestro-newsletter-y-participa-del-sorteo\/\" \/>\n<meta property=\"og:site_name\" content=\"Spartan Trail\" \/>\n<meta property=\"article:publisher\" content=\"https:\/\/www.facebook.com\/spartantrailofficial\/\" \/>\n<meta property=\"article:modified_time\" content=\"2023-09-29T10:50:41+00:00\" \/>\n<meta property=\"og:image\" content=\"https:\/\/www.spartantrail.com\/wp-content\/uploads\/2022\/01\/hero-event-westvirginia.jpeg\" \/>\n\t<meta property=\"og:image:width\" content=\"1920\" \/>\n\t<meta property=\"og:image:height\" content=\"1080\" \/>\n\t<meta property=\"og:image:type\" content=\"image\/jpeg\" \/>\n<meta name=\"twitter:card\" content=\"summary_large_image\" \/>\n<meta name=\"twitter:site\" content=\"@spartantrail\" \/>\n<meta name=\"twitter:label1\" content=\"Procijenjeno vrijeme \u010ditanja\" \/>\n\t<meta name=\"twitter:data1\" content=\"1 minuta\" \/>\n<script type=\"application\/ld+json\" class=\"yoast-schema-graph\">{\"@context\":\"https:\/\/schema.org\",\"@graph\":[{\"@type\":\"WebPage\",\"@id\":\"https:\/\/www.spartantrail.com\/subscribete-a-nuestro-newsletter-y-participa-del-sorteo\/\",\"url\":\"https:\/\/www.spartantrail.com\/subscribete-a-nuestro-newsletter-y-participa-del-sorteo\/\",\"name\":\"Subscribete a nuestro newsletter y participa del sorteo! - Spartan Trail\",\"isPartOf\":{\"@id\":\"https:\/\/www.spartantrail.com\/#website\"},\"datePublished\":\"2023-09-29T10:48:00+00:00\",\"dateModified\":\"2023-09-29T10:50:41+00:00\",\"breadcrumb\":{\"@id\":\"https:\/\/www.spartantrail.com\/subscribete-a-nuestro-newsletter-y-participa-del-sorteo\/#breadcrumb\"},\"inLanguage\":\"hr\",\"potentialAction\":[{\"@type\":\"ReadAction\",\"target\":[\"https:\/\/www.spartantrail.com\/subscribete-a-nuestro-newsletter-y-participa-del-sorteo\/\"]}]},{\"@type\":\"BreadcrumbList\",\"@id\":\"https:\/\/www.spartantrail.com\/subscribete-a-nuestro-newsletter-y-participa-del-sorteo\/#breadcrumb\",\"itemListElement\":[{\"@type\":\"ListItem\",\"position\":1,\"name\":\"Home\",\"item\":\"https:\/\/www.spartantrail.com\/\"},{\"@type\":\"ListItem\",\"position\":2,\"name\":\"Subscribete a nuestro newsletter y participa del sorteo!\"}]},{\"@type\":\"WebSite\",\"@id\":\"https:\/\/www.spartantrail.com\/#website\",\"url\":\"https:\/\/www.spartantrail.com\/\",\"name\":\"Spartan Trail\",\"description\":\"\",\"potentialAction\":[{\"@type\":\"SearchAction\",\"target\":{\"@type\":\"EntryPoint\",\"urlTemplate\":\"https:\/\/www.spartantrail.com\/?s={search_term_string}\"},\"query-input\":{\"@type\":\"PropertyValueSpecification\",\"valueRequired\":true,\"valueName\":\"search_term_string\"}}],\"inLanguage\":\"hr\"}]}<\/script>\n<!-- \/ Yoast SEO plugin. -->","yoast_head_json":{"title":"Subscribete a nuestro newsletter y participa del sorteo! - Spartan Trail","robots":{"index":"index","follow":"follow","max-snippet":"max-snippet:-1","max-image-preview":"max-image-preview:large","max-video-preview":"max-video-preview:-1"},"canonical":"https:\/\/www.spartantrail.com\/hr\/subscribete-a-nuestro-newsletter-y-participa-del-sorteo\/","og_locale":"hr_HR","og_type":"article","og_title":"Subscribete a nuestro newsletter y participa del sorteo! - Spartan Trail","og_description":"SUBSCRIBETE AL NEWSLETTER Y PARTICIPA DEL SORTEO! Participa del sorteo de uno de los cinco pares de inscripciones para los eventos de Spartan Trail en 2024. La lista de eventos se presentar\u00e1 a finales de a\u00f1o, y si eres uno de los 5 ganadores, podr\u00e1s optar por una inscripci\u00f3n para t\u00ed y otra persona a [&hellip;]","og_url":"https:\/\/www.spartantrail.com\/hr\/subscribete-a-nuestro-newsletter-y-participa-del-sorteo\/","og_site_name":"Spartan Trail","article_publisher":"https:\/\/www.facebook.com\/spartantrailofficial\/","article_modified_time":"2023-09-29T10:50:41+00:00","og_image":[{"width":1920,"height":1080,"url":"https:\/\/www.spartantrail.com\/wp-content\/uploads\/2022\/01\/hero-event-westvirginia.jpeg","type":"image\/jpeg"}],"twitter_card":"summary_large_image","twitter_site":"@spartantrail","twitter_misc":{"Procijenjeno vrijeme \u010ditanja":"1 minuta"},"schema":{"@context":"https:\/\/schema.org","@graph":[{"@type":"WebPage","@id":"https:\/\/www.spartantrail.com\/subscribete-a-nuestro-newsletter-y-participa-del-sorteo\/","url":"https:\/\/www.spartantrail.com\/subscribete-a-nuestro-newsletter-y-participa-del-sorteo\/","name":"Subscribete a nuestro newsletter y participa del sorteo! - Spartan Trail","isPartOf":{"@id":"https:\/\/www.spartantrail.com\/#website"},"datePublished":"2023-09-29T10:48:00+00:00","dateModified":"2023-09-29T10:50:41+00:00","breadcrumb":{"@id":"https:\/\/www.spartantrail.com\/subscribete-a-nuestro-newsletter-y-participa-del-sorteo\/#breadcrumb"},"inLanguage":"hr","potentialAction":[{"@type":"ReadAction","target":["https:\/\/www.spartantrail.com\/subscribete-a-nuestro-newsletter-y-participa-del-sorteo\/"]}]},{"@type":"BreadcrumbList","@id":"https:\/\/www.spartantrail.com\/subscribete-a-nuestro-newsletter-y-participa-del-sorteo\/#breadcrumb","itemListElement":[{"@type":"ListItem","position":1,"name":"Home","item":"https:\/\/www.spartantrail.com\/"},{"@type":"ListItem","position":2,"name":"Subscribete a nuestro newsletter y participa del sorteo!"}]},{"@type":"WebSite","@id":"https:\/\/www.spartantrail.com\/#website","url":"https:\/\/www.spartantrail.com\/","name":"Spartan Trail","description":"","potentialAction":[{"@type":"SearchAction","target":{"@type":"EntryPoint","urlTemplate":"https:\/\/www.spartantrail.com\/?s={search_term_string}"},"query-input":{"@type":"PropertyValueSpecification","valueRequired":true,"valueName":"search_term_string"}}],"inLanguage":"hr"}]}},"_links":{"self":[{"href":"https:\/\/www.spartantrail.com\/hr\/wp-json\/wp\/v2\/pages\/2021","targetHints":{"allow":["GET"]}}],"collection":[{"href":"https:\/\/www.spartantrail.com\/hr\/wp-json\/wp\/v2\/pages"}],"about":[{"href":"https:\/\/www.spartantrail.com\/hr\/wp-json\/wp\/v2\/types\/page"}],"author":[{"embeddable":true,"href":"https:\/\/www.spartantrail.com\/hr\/wp-json\/wp\/v2\/users\/2"}],"replies":[{"embeddable":true,"href":"https:\/\/www.spartantrail.com\/hr\/wp-json\/wp\/v2\/comments?post=2021"}],"version-history":[{"count":0,"href":"https:\/\/www.spartantrail.com\/hr\/wp-json\/wp\/v2\/pages\/2021\/revisions"}],"wp:attachment":[{"href":"https:\/\/www.spartantrail.com\/hr\/wp-json\/wp\/v2\/media?parent=2021"}],"curies":[{"name":"wp","href":"https:\/\/api.w.org\/{rel}","templated":true}]}}